{"id":76,"date":"2017-03-06T17:32:06","date_gmt":"2017-03-06T16:32:06","guid":{"rendered":"http:\/\/testprojekt.stieve.com\/?page_id=76"},"modified":"2022-07-17T00:27:57","modified_gmt":"2022-07-16T22:27:57","slug":"artikel-und-interviews","status":"publish","type":"page","link":"https:\/\/neropa.stieve.com\/en\/artikel-und-interviews\/","title":{"rendered":"Articles and Interviews"},"content":{"rendered":"<div style=\"color: #4d4d4d;\">\n<p><img loading=\"lazy\" decoding=\"async\" class=\"alignnone wp-image-212 size-full\" src=\"http:\/\/testprojekt.stieve.com\/wp-content\/uploads\/2017\/03\/SchspIN_3-Buntstifte.jpg\" alt=\"\" width=\"1000\" height=\"600\" srcset=\"https:\/\/neropa.stieve.com\/wp-content\/uploads\/2017\/03\/SchspIN_3-Buntstifte.jpg 1000w, https:\/\/neropa.stieve.com\/wp-content\/uploads\/2017\/03\/SchspIN_3-Buntstifte-300x180.jpg 300w, https:\/\/neropa.stieve.com\/wp-content\/uploads\/2017\/03\/SchspIN_3-Buntstifte-768x461.jpg 768w\" sizes=\"auto, (max-width: 1000px) 100vw, 1000px\" \/><\/p>\n<h2>Interviews and Texts on NEROPA<\/h2>\n<p>Manori Ravindran: Diversifying TV: the practices improving workplace inclusivity<br \/>\n<a href=\"https:\/\/tbivision.com\/2018\/10\/12\/diversifying-tv-the-practices-improving-workplace-inclusivity\/\" target=\"_blank\" rel=\"noopener\">Television Business International TBI Vision, 12.10.18<\/a><\/p>\n<p>Marian Evans: Belinde Ruth Stieve&#8217;s NEROPA Strategy<br \/>\n<a href=\"https:\/\/medium.com\/women-s-film-activists\/belinde-ruth-stieves-neropa-strategy-7796bdbd91fc\" target=\"_blank\" rel=\"noopener\">Women&#8217;s Film Activism &#8211; Medium 24.3.18<\/a><\/p>\n<p>Marian Evans: Belinde Ruth Stieve &amp; NEROPA (interview)<br \/>\n<a href=\"https:\/\/wellywoodwoman.blogspot.de\/2018\/03\/belinde-ruth-stieve-neropa.html\" target=\"_blank\" rel=\"noopener\">Wellywood Woman, 24.3.18<\/a><\/p>\n<p>Progress for Parity Principle<br \/>\nEquity Magazine Spring 2018, page 12<\/p>\n<p>WIFT backing NEROPA, A New Initiative to Address Gender Balance on Screen<br \/>\n<a href=\"https:\/\/wftv.org.uk\/wftv-backing-neropa-new-initiative-address-gender-balance-screen\/\" target=\"_blank\" rel=\"noopener\">Women in Fim &amp; Telvision, 22.1.18<\/a><\/p>\n<p>Giverny Masso: Casting tool to create gender parity in theatre launches in UK<br \/>\nin: <a href=\"https:\/\/www.thestage.co.uk\/news\/2018\/casting-tool-create-gender-parity-theatre-launches-uk\/\" target=\"_blank\" rel=\"noopener\">The Stage, 11.1.18<\/a><\/p>\n<p><span lang=\"fr-FR\">Yvonne de Andr\u00e9s: Interview with Belinde Ruth Stieve (in German)<br \/>\nin: <a href=\"http:\/\/aviva-berlin.de\/aviva\/content_Interviews.php?id=1419684\" target=\"_blank\" rel=\"noopener\">Aviva-Berlin Online Magazin, 19.7.17<\/a> <\/span><\/p>\n<p><span lang=\"fr-FR\">Cecilia Johnson-Ferguson<\/span>: Neropa, an innovative tool to counterbalance the unequal gender distribution of film characters<br \/>\nin: <a href=\"http:\/\/www.ewawomen.com\/en\/events\/neropa-an-innovative-tool-to-counterbalance-the-unequal-gender-distribution-of-film-characters-.html\" target=\"_blank\" rel=\"noopener\">european women&#8217;s audiovisual network, 18.7.17<\/a><\/p>\n<p>Peter Hartig: Neutrale Rollen. (Interview with film stills, in German)<br \/>\nin: <a href=\"http:\/\/neropa.stieve.com\/cinearte_366_Neropa.pdf\" target=\"_blank\" rel=\"noopener noreferrer\">cinearte 366, page 2-11. 17.3.16<\/a><\/p>\n<p>Jana Dolan: &#8220;No quiero m\u00e1s pel\u00edculas en las que solo los hombres act\u00faan y las mujeres acompa\u00f1an, aman y est\u00e1n guapas.\u201c Interview mit Belinde Ruth Stieve.<br \/>\nin: <a href=\"https:\/\/500diasdecineconella.com\/2015\/03\/09\/no-quiero-mas-peliculas-en-las-que-solo-los-hombres-actuan-y-las-mujeres-acompanan-aman-y-estan-guapas\/\" target=\"_blank\" rel=\"noopener noreferrer\">(500) dias de cine con ella, 9.3.15<\/a> (English translation on <a href=\"https:\/\/schspin.wordpress.com\/2015\/04\/14\/500diasdelcine\/#english\" target=\"_blank\" rel=\"noopener noreferrer\">SchspIN<\/a>).<\/p>\n<p>&nbsp;<\/p>\n<p>.<\/p>\n<h2>Belinde Ruth Stieve: Texts about NEROPA<\/h2>\n<p>NEROPA Touring the Irish Isle &#8211; #WakingTheFeminists<br \/>\nBelinde Ruth Stieve in: <a href=\"https:\/\/schspin.wordpress.com\/2018\/10\/23\/neropa-equity-ireland-northern-ireland\/\" target=\"_blank\" rel=\"noopener\">SchspIN &#8211; An Actress&#8217;s Thoughts 23.10.18<\/a><\/p>\n<p>Equity NEROPA Symposium, London Jan. 18<br \/>\nPresentation and Audio<br \/>\nBelinde Ruth Stieve in: <a href=\"https:\/\/schspin.wordpress.com\/2018\/02\/22\/equity-neropa-symposium-london-jan-18\/\" target=\"_blank\" rel=\"noopener\">SchspIN -An Actress&#8217;s Thoughts 22.2.18<\/a><\/p>\n<p>Teach an Old Dog Tricks!<br \/>\nBelinde Ruth Stieve in: <a href=\"https:\/\/schspin.wordpress.com\/2017\/11\/28\/Lernen-und-Klischees-Learning-and-Stereotypes\/#english\" target=\"_blank\" rel=\"noopener\">SchspIN &#8211; An Actress&#8217;s Thoughts. 28.11.17<\/a><\/p>\n<p>Neoping during Script Development<br \/>\nBelinde Ruth Stieve in: <a href=\"https:\/\/schspin.wordpress.com\/2017\/11\/06\/neropen-in-der-stoffentwicklung\/\" target=\"_blank\" rel=\"noopener\">SchspIN &#8211; An Actress&#8217;s Thoughts. 6.11.17<\/a><\/p>\n<p>The Future is Now<br \/>\nBelinde Ruth Stieve in: <a href=\"https:\/\/schspin.wordpress.com\/2017\/06\/27\/neutrale-Rollen-the-future-is-now\/#english\" target=\"_blank\" rel=\"noopener\">SchspIN &#8211; An Actress&#8217;s Thoughts. 27.6.17<\/a><\/p>\n<p>Neropa II:\u00a0&#8220;Yes, But&#8230;.&#8221; &#8211; Possible Arguments against Neropa<br \/>\nBelinde Ruth Stieve in: <a href=\"https:\/\/schspin.wordpress.com\/2016\/03\/14\/argumente-gegen-neropa\/#english\" target=\"_blank\" rel=\"noopener noreferrer\">SchspIN &#8211; An Actress&#8217;s Thoughts. 14.3.16<\/a><\/p>\n<p>Neropa: NEutrale ROllen PArit\u00e4t f\u00fcr mehr Rollenvielfalt (in German)<br \/>\nBelinde Ruth Stieve in: <a href=\"http:\/\/www.out-takes.de\/index.php\/2016\/neropa-fuer-mehr-rollenvielfalt\/\" target=\"_blank\" rel=\"noopener noreferrer\">out-takes &#8211; Der Blog der Film- und Fernsehbranche, 21. Jan. 2016<\/a><\/p>\n<p>A Casting Tool called Neropa<u><br \/>\n<\/u>Belinde Ruth Stieve in:<a href=\"https:\/\/schspin.wordpress.com\/2016\/01\/20\/neropa-casting-tool\/#english\" target=\"_blank\" rel=\"noopener noreferrer\"> SchspIN &#8211;\u00a0An Actress&#8217;s Thoughts. 20 Jan. 2016<\/a><\/p>\n<p><span style=\"color: #ffffff;\">.<\/span><\/p>\n<p>&nbsp;<\/p>\n<h2>Statements and Measures from Film Organizations<\/h2>\n<p><a href=\"https:\/\/www.bfi.org.uk\/about-bfi\/policy-strategy\/diversity\/diversity-standards\" target=\"_blank\" rel=\"noopener\">BFI Diversity Standards<\/a><br \/>\nGuidance for funded projects to better included underrepresented groups on and off screen.<\/p>\n<p>Gendertalk: Offener Brief des BVC an Autoren, Produzenten, Regisseure und Sendermitarbeiter in Deutschland<br \/>\n<a href=\"https:\/\/castingverband.de\/?p=2369\" target=\"_blank\" rel=\"noopener\">Bundesverband Casting, 3.5.17<\/a><\/p>\n<p>Manifesto for Casting<br \/>\n<a href=\"https:\/\/www.equity.org.uk\/documents\/manifesto-for-casting\/\" target=\"_blank\" rel=\"noopener\">Equity UK, 21.6.17<\/a><\/p>\n<p>.<\/p>\n<h2>Related Articles<\/h2>\n<p>Gender-swapped revivals like Company keep theatre alive, relevant and exciting<br \/>\nLyn Gardner in <a href=\"https:\/\/www.thestage.co.uk\/opinion\/2018\/lyn-gardner-gender-swapped-revivals-like-company-keep-theatre-alive-relevant-and-exciting\/\" target=\"_blank\" rel=\"noopener\">The Stage 29.10.18<\/a><\/p>\n<p>Working Girl had power suits and female ambition. But where\u2019s the modern equivalent?<br \/>\nHadley Freeman in <a href=\"https:\/\/www.theguardian.com\/film\/2018\/oct\/04\/working-girl-power-suits-female-ambition-modern-equivalent\" target=\"_blank\" rel=\"noopener\">The Guardian, 4.10.18<\/a><\/p>\n<p>Interview with Mary Steenburgen: &#8216;We have ugly words for successful female actors&#8217;<br \/>\nZoe Williams in <a href=\"https:\/\/www.theguardian.com\/film\/2018\/oct\/04\/mary-steenburgen-we-have-ugly-words-for-successful-female-actors\" target=\"_blank\" rel=\"noopener\">The Guardian 4.10.18<\/a><\/p>\n<p>From ,The Handmaid&#8217;s Tale&#8217; to ,I love Dick&#8217;, the female gaze is thriving on television<br \/>\nMeredith Blake in <a href=\"http:\/\/www.latimes.com\/entertainment\/tv\/la-et-st-female-gaze-television-20170505-htmlstory.html\" target=\"_blank\" rel=\"noopener noreferrer\">The Los Angeles Times 5.5.17<\/a><\/p>\n<p>Film Dialogue from 2,000 screenplays, Broken Down by Gender and Age.<br \/>\nHanah Anderson, Matt Daniels in <a href=\"https:\/\/pudding.cool\/2017\/03\/film-dialogue\/index.html\" target=\"_blank\" rel=\"noopener noreferrer\">The Pudding April 2016<\/a><\/p>\n<p><span class=\"overline\">Diskriminierung in der Filmbranche<\/span> &#8220;Filme und Serien h\u00e4ngen der Realit\u00e4t hinterher&#8221; (in German)<br \/>\nBernd Lechler im Gespr\u00e4ch mit Regisseurin Barbara Rohm.\u00a0 <a href=\"http:\/\/www.deutschlandfunk.de\/diskriminierung-in-der-filmbranche-filme-und-serien-haengen.807.de.html?dram:article_id=345280\" target=\"_blank\" rel=\"noopener noreferrer\">Deutschlandfunk 11.2.16<\/a><\/p>\n<p>Colour-blind casting: how far have we really come?<br \/>\nLyn Gardner in <a href=\"https:\/\/www.theguardian.com\/stage\/theatreblog\/2016\/jan\/13\/colour-blind-casting?CMP=twt_gu\" target=\"_blank\" rel=\"noopener noreferrer\">The Guardian 13.1.16<\/a><\/p>\n<p>Women are everywhere so why are we invisible on film?<br \/>\nEva Wisenman in <a href=\"https:\/\/www.theguardian.com\/lifeandstyle\/tvandradioblog\/2015\/oct\/18\/women-are-everywhere-so-why-are-we-invisible-on-film-eva-wiseman\" target=\"_blank\" rel=\"noopener\">The Guardian 18.10.15<\/a><\/p>\n<p>Frauen? Randfiguren. (in German)<br \/>\nSusan Vahabzadeh in der <a href=\"http:\/\/www.sueddeutsche.de\/kultur\/kino-frauen-randfiguren-1.2685199\" target=\"_blank\" rel=\"noopener noreferrer\">S\u00fcddeutschen 10.10.15<\/a><\/p>\n<p>Deutscher Filmpreis: Die Heldin? Die mit der Brille! (in German)<br \/>\nKatja Nicodemus in <a href=\"http:\/\/www.zeit.de\/2014\/20\/komoedie-weibliche-figuren\" target=\"_blank\" rel=\"noopener noreferrer\">Die Zeit 8.5.14<\/a><\/p>\n<p><a href=\"https:\/\/www.dwdl.de\/hoffzumsonntag\/44609\/schaemt_euch_das_frauenbild_im_privatfernsehen\/\" target=\"_blank\" rel=\"noopener noreferrer\">Women, gay and black people still shown as stereotypes in film, says study<br \/>\nAmelia Hill in <\/a><a href=\"https:\/\/www.theguardian.com\/film\/2011\/mar\/18\/women-gay-ethnic-stereotypes-in-film\" target=\"_blank\" rel=\"noopener\">The Guardian 18.3.11<\/a><\/p>\n<p><span style=\"color: #ffffff;\">.<\/span><\/p>\n<h2>Selection of Texts from Belinde Ruth Stieve<\/h2>\n<p>Cleverer Girls<br \/>\nBelinde Ruth Stieve in: <a href=\"https:\/\/schspin.wordpress.com\/2018\/09\/26\/dumme-abiturenten-clever-girls-klassentreffen-alter-im-film\/#english\" target=\"_blank\" rel=\"noopener\">SchspIN &#8211; An Actress&#8217;s Thoughts. 26.9.18<\/a><\/p>\n<p>Who&#8217;s to be seen on CRIME SCENE?<br \/>\nBelinde Ruth Stieve in: <a href=\"https:\/\/schspin.wordpress.com\/2018\/06\/28\/was-tut-sich-am-tatort-crew-cast-2011-bis-2018-germanys-top-cop-drama-on-and-offscreen\/#english\" target=\"_blank\" rel=\"noopener\">SchspIN &#8211; An Actress&#8217;s Thoughts. 28.6.18<\/a><\/p>\n<p>Let&#8217;s Talk About the Inclusion-Rider<br \/>\nBelinde Ruth Stieve in: <a href=\"https:\/\/schspin.wordpress.com\/2018\/06\/15\/lets-talk-about-the-inclusion-rider-and-neropa\/\" target=\"_blank\" rel=\"noopener\">SchspIN &#8211; An Actress&#8217;s Thoughts. 15.6.18<\/a><\/p>\n<p>What we hear is what we see?<br \/>\nBelinde Ruth Stieve in: <a href=\"https:\/\/schspin.wordpress.com\/2017\/10\/13\/was-wir-hoeren-sehen-wir-sprache-und-bedeutung\/#english\" target=\"_blank\" rel=\"noopener\">SchspIN &#8211; An Actress&#8217;s Thoughts. 13.10.17<\/a><\/p>\n<p>The Future is Now<br \/>\nBelinde Ruth Stieve in: <a href=\"https:\/\/schspin.wordpress.com\/2017\/06\/27\/neutrale-Rollen-the-future-is-now\/#english\" target=\"_blank\" rel=\"noopener\">SchspIN &#8211; An Actress&#8217;s Thoughts. 27.6.17<\/a><\/p>\n<p>Star Wars: The Empiricism Strikes Back<br \/>\nBelinde Ruth Stieve in: <a href=\"https:\/\/schspin.wordpress.com\/2017\/02\/02\/star-wars-empirie\/#english\" target=\"_blank\" rel=\"noopener noreferrer\">SchspIN &#8211; An Actress&#8217;s Thoughts. 2.2.17<\/a><\/p>\n<p>Wedneday TV films: only fictional?<br \/>\nBelinde Ruth Stieve in: <a href=\"https:\/\/schspin.wordpress.com\/2015\/12\/14\/ard-mittwochsfilm_2011_14\/\" target=\"_blank\" rel=\"noopener noreferrer\">SchspIN &#8211; An Actress&#8217;s Thoughts. 14.12.15<\/a><\/p>\n<p>Berlin Theatre Festival 2015. And Gender Switching<br \/>\nBelinde Ruth Stieve in: <a href=\"https:\/\/schspin.wordpress.com\/2015\/05\/04\/theatertreffen-2015\/\" target=\"_blank\" rel=\"noopener noreferrer\">SchspIN &#8211; An Actress&#8217;s Thoughts. 4.5.15<\/a><\/p>\n<p>Age: A Picture is Worth a Thousand Words<br \/>\nBelinde Ruth Stieve in: <a href=\"https:\/\/schspin.wordpress.com\/2014\/03\/14\/alterbild\/\" target=\"_blank\" rel=\"noopener noreferrer\">SchspIN &#8211; An Actress&#8217;s Thoughts. 14.3.14<\/a><\/p>\n<p>Well done, Sister Equity! &#8211; Interview with Jean Rogers (Equity UK)<br \/>\nBelinde Ruth Stieve in: <a href=\"https:\/\/schspin.wordpress.com\/2013\/12\/05\/equity_petition\/\" target=\"_blank\" rel=\"noopener noreferrer\">SchspIN &#8211; An Actress&#8217;s Thoughts. 5.12.13<\/a><\/p>\n<p>The Perfect Age for German TV<br \/>\nBelinde Ruth Stieve in: <a href=\"https:\/\/schspin.wordpress.com\/2013\/07\/31\/bestes-alter\/#english\" target=\"_blank\" rel=\"noopener\">SchspIN &#8211; An Actress&#8217;s Thoughts. 31.7.13<\/a><\/p>\n<\/div>\n","protected":false},"excerpt":{"rendered":"<p>Interviews and Texts on NEROPA Manori Ravindran: Diversifying TV: the practices improving workplace inclusivity Television Business International TBI Vision, 12.10.18 Marian Evans: Belinde Ruth Stieve&#8217;s NEROPA Strategy Women&#8217;s Film Activism &#8211; Medium 24.3.18 Marian Evans: Belinde Ruth Stieve &amp; NEROPA (interview) Wellywood Woman, 24.3.18 Progress for Parity Principle Equity Magazine Spring 2018, page 12 WIFT [&hellip;]<\/p>\n","protected":false},"author":1,"featured_media":0,"parent":0,"menu_order":0,"comment_status":"closed","ping_status":"closed","template":"","meta":{"iawp_total_views":33,"footnotes":""},"class_list":["post-76","page","type-page","status-publish","czr-hentry"],"translation":{"provider":"WPGlobus","version":"3.0.2","language":"en","enabled_languages":["de","en"],"languages":{"de":{"title":true,"content":true,"excerpt":false},"en":{"title":true,"content":true,"excerpt":false}}},"yoast_head":"<!-- This site is optimized with the Yoast SEO plugin v27.3 - https:\/\/yoast.com\/product\/yoast-seo-wordpress\/ -->\n<title>Articles and Interviews - NEROPA<\/title>\n<meta name=\"robots\" content=\"index, follow, max-snippet:-1, max-image-preview:large, max-video-preview:-1\" \/>\n<link rel=\"canonical\" href=\"https:\/\/neropa.stieve.com\/artikel-und-interviews\/\" \/>\n<meta property=\"og:locale\" content=\"en_GB\" \/>\n<meta property=\"og:type\" content=\"article\" \/>\n<meta property=\"og:title\" content=\"Articles and Interviews - NEROPA\" \/>\n<meta property=\"og:url\" content=\"https:\/\/neropa.stieve.com\/artikel-und-interviews\/\" \/>\n<meta property=\"og:site_name\" content=\"NEROPA\" \/>\n<meta property=\"article:modified_time\" content=\"2022-07-16T22:27:57+00:00\" \/>\n<meta property=\"og:image\" content=\"http:\/\/testprojekt.stieve.com\/wp-content\/uploads\/2017\/03\/SchspIN_3-Buntstifte.jpg\" \/>\n<meta name=\"twitter:card\" content=\"summary_large_image\" \/>\n<meta name=\"twitter:site\" content=\"@SchspIN\" \/>\n<meta name=\"twitter:label1\" content=\"Est. reading time\" \/>\n\t<meta name=\"twitter:data1\" content=\"10 minutes\" \/>\n<script type=\"application\/ld+json\" class=\"yoast-schema-graph\">{\"@context\":\"https:\\\/\\\/schema.org\",\"@graph\":[{\"@type\":\"WebPage\",\"@id\":\"https:\\\/\\\/neropa.stieve.com\\\/artikel-und-interviews\\\/\",\"url\":\"https:\\\/\\\/neropa.stieve.com\\\/artikel-und-interviews\\\/\",\"name\":\"Articles and Interviews - NEROPA\",\"isPartOf\":{\"@id\":\"https:\\\/\\\/neropa.stieve.com\\\/#website\"},\"primaryImageOfPage\":{\"@id\":\"https:\\\/\\\/neropa.stieve.com\\\/artikel-und-interviews\\\/#primaryimage\"},\"image\":{\"@id\":\"https:\\\/\\\/neropa.stieve.com\\\/artikel-und-interviews\\\/#primaryimage\"},\"thumbnailUrl\":\"http:\\\/\\\/testprojekt.stieve.com\\\/wp-content\\\/uploads\\\/2017\\\/03\\\/SchspIN_3-Buntstifte.jpg\",\"datePublished\":\"2017-03-06T16:32:06+00:00\",\"dateModified\":\"2022-07-16T22:27:57+00:00\",\"breadcrumb\":{\"@id\":\"https:\\\/\\\/neropa.stieve.com\\\/artikel-und-interviews\\\/#breadcrumb\"},\"inLanguage\":\"en-GB\",\"potentialAction\":[{\"@type\":\"ReadAction\",\"target\":[\"https:\\\/\\\/neropa.stieve.com\\\/artikel-und-interviews\\\/\"]}]},{\"@type\":\"ImageObject\",\"inLanguage\":\"en-GB\",\"@id\":\"https:\\\/\\\/neropa.stieve.com\\\/artikel-und-interviews\\\/#primaryimage\",\"url\":\"http:\\\/\\\/testprojekt.stieve.com\\\/wp-content\\\/uploads\\\/2017\\\/03\\\/SchspIN_3-Buntstifte.jpg\",\"contentUrl\":\"http:\\\/\\\/testprojekt.stieve.com\\\/wp-content\\\/uploads\\\/2017\\\/03\\\/SchspIN_3-Buntstifte.jpg\"},{\"@type\":\"BreadcrumbList\",\"@id\":\"https:\\\/\\\/neropa.stieve.com\\\/artikel-und-interviews\\\/#breadcrumb\",\"itemListElement\":[{\"@type\":\"ListItem\",\"position\":1,\"name\":\"Startseite\",\"item\":\"https:\\\/\\\/neropa.stieve.com\\\/\"},{\"@type\":\"ListItem\",\"position\":2,\"name\":\"Artikel und Interviews\"}]},{\"@type\":\"WebSite\",\"@id\":\"https:\\\/\\\/neropa.stieve.com\\\/#website\",\"url\":\"https:\\\/\\\/neropa.stieve.com\\\/\",\"name\":\"NEROPA\",\"description\":\"Gender &amp; Diversity Tool by Belinde Ruth Stieve.\",\"potentialAction\":[{\"@type\":\"SearchAction\",\"target\":{\"@type\":\"EntryPoint\",\"urlTemplate\":\"https:\\\/\\\/neropa.stieve.com\\\/?s={search_term_string}\"},\"query-input\":{\"@type\":\"PropertyValueSpecification\",\"valueRequired\":true,\"valueName\":\"search_term_string\"}}],\"inLanguage\":\"en-GB\"}]}<\/script>\n<!-- \/ Yoast SEO plugin. -->","yoast_head_json":{"title":"Articles and Interviews - NEROPA","robots":{"index":"index","follow":"follow","max-snippet":"max-snippet:-1","max-image-preview":"max-image-preview:large","max-video-preview":"max-video-preview:-1"},"canonical":"https:\/\/neropa.stieve.com\/artikel-und-interviews\/","og_locale":"en_GB","og_type":"article","og_title":"Articles and Interviews - NEROPA","og_url":"https:\/\/neropa.stieve.com\/artikel-und-interviews\/","og_site_name":"NEROPA","article_modified_time":"2022-07-16T22:27:57+00:00","og_image":[{"url":"http:\/\/testprojekt.stieve.com\/wp-content\/uploads\/2017\/03\/SchspIN_3-Buntstifte.jpg","type":"","width":"","height":""}],"twitter_card":"summary_large_image","twitter_site":"@SchspIN","twitter_misc":{"Est. reading time":"10 minutes"},"schema":{"@context":"https:\/\/schema.org","@graph":[{"@type":"WebPage","@id":"https:\/\/neropa.stieve.com\/artikel-und-interviews\/","url":"https:\/\/neropa.stieve.com\/artikel-und-interviews\/","name":"Articles and Interviews - NEROPA","isPartOf":{"@id":"https:\/\/neropa.stieve.com\/#website"},"primaryImageOfPage":{"@id":"https:\/\/neropa.stieve.com\/artikel-und-interviews\/#primaryimage"},"image":{"@id":"https:\/\/neropa.stieve.com\/artikel-und-interviews\/#primaryimage"},"thumbnailUrl":"http:\/\/testprojekt.stieve.com\/wp-content\/uploads\/2017\/03\/SchspIN_3-Buntstifte.jpg","datePublished":"2017-03-06T16:32:06+00:00","dateModified":"2022-07-16T22:27:57+00:00","breadcrumb":{"@id":"https:\/\/neropa.stieve.com\/artikel-und-interviews\/#breadcrumb"},"inLanguage":"en-GB","potentialAction":[{"@type":"ReadAction","target":["https:\/\/neropa.stieve.com\/artikel-und-interviews\/"]}]},{"@type":"ImageObject","inLanguage":"en-GB","@id":"https:\/\/neropa.stieve.com\/artikel-und-interviews\/#primaryimage","url":"http:\/\/testprojekt.stieve.com\/wp-content\/uploads\/2017\/03\/SchspIN_3-Buntstifte.jpg","contentUrl":"http:\/\/testprojekt.stieve.com\/wp-content\/uploads\/2017\/03\/SchspIN_3-Buntstifte.jpg"},{"@type":"BreadcrumbList","@id":"https:\/\/neropa.stieve.com\/artikel-und-interviews\/#breadcrumb","itemListElement":[{"@type":"ListItem","position":1,"name":"Startseite","item":"https:\/\/neropa.stieve.com\/"},{"@type":"ListItem","position":2,"name":"Artikel und Interviews"}]},{"@type":"WebSite","@id":"https:\/\/neropa.stieve.com\/#website","url":"https:\/\/neropa.stieve.com\/","name":"NEROPA","description":"Gender &amp; Diversity Tool by Belinde Ruth Stieve.","potentialAction":[{"@type":"SearchAction","target":{"@type":"EntryPoint","urlTemplate":"https:\/\/neropa.stieve.com\/?s={search_term_string}"},"query-input":{"@type":"PropertyValueSpecification","valueRequired":true,"valueName":"search_term_string"}}],"inLanguage":"en-GB"}]}},"_links":{"self":[{"href":"https:\/\/neropa.stieve.com\/en\/wp-json\/wp\/v2\/pages\/76","targetHints":{"allow":["GET"]}}],"collection":[{"href":"https:\/\/neropa.stieve.com\/en\/wp-json\/wp\/v2\/pages"}],"about":[{"href":"https:\/\/neropa.stieve.com\/en\/wp-json\/wp\/v2\/types\/page"}],"author":[{"embeddable":true,"href":"https:\/\/neropa.stieve.com\/en\/wp-json\/wp\/v2\/users\/1"}],"replies":[{"embeddable":true,"href":"https:\/\/neropa.stieve.com\/en\/wp-json\/wp\/v2\/comments?post=76"}],"version-history":[{"count":128,"href":"https:\/\/neropa.stieve.com\/en\/wp-json\/wp\/v2\/pages\/76\/revisions"}],"predecessor-version":[{"id":3900,"href":"https:\/\/neropa.stieve.com\/en\/wp-json\/wp\/v2\/pages\/76\/revisions\/3900"}],"wp:attachment":[{"href":"https:\/\/neropa.stieve.com\/en\/wp-json\/wp\/v2\/media?parent=76"}],"curies":[{"name":"wp","href":"https:\/\/api.w.org\/{rel}","templated":true}]}}