{"id":78,"date":"2017-03-06T17:34:03","date_gmt":"2017-03-06T16:34:03","guid":{"rendered":"http:\/\/testprojekt.stieve.com\/?page_id=78"},"modified":"2022-07-17T00:18:19","modified_gmt":"2022-07-16T22:18:19","slug":"link","status":"publish","type":"page","link":"https:\/\/neropa.stieve.com\/en\/link\/","title":{"rendered":"Links"},"content":{"rendered":"<h2>Links<\/h2>\n<h3>Cooperations<\/h3>\n<p><a href=\"https:\/\/www.theatrecastingtoolkit.org\/neropa\/\" target=\"_blank\" rel=\"noopener\">Theatre Casting Toolbox<\/a><\/p>\n<p>.<\/p>\n<h3>NEROPA Testimonials: Organisations etc.<\/h3>\n<p><a href=\"http:\/\/www.bpw-germany.de\/\" target=\"_blank\" rel=\"noopener noreferrer\">BPW Business and Professional Women Germany e.V.<\/a><\/p>\n<p><a href=\"http:\/\/www.casting-network.de\/\" target=\"_blank\" rel=\"noopener noreferrer\">casting-network<\/a> (German)<\/p>\n<p><a href=\"http:\/\/english.crew-united.com\/\" target=\"_blank\" rel=\"noopener noreferrer\">Crew United<\/a> (German)<\/p>\n<p><a href=\"https:\/\/www.equity.org.uk\/getting-involved\/committees\/womens-committee\/\" target=\"_blank\" rel=\"noopener noreferrer\">Equity UK Women\u2019s Committee <\/a><\/p>\n<p><a href=\"http:\/\/equalrepresentationforactresses.co.uk\/\" target=\"_blank\" rel=\"noopener noreferrer\">ERA Equal Representation for Actresses<\/a><\/p>\n<p><a href=\"http:\/\/www.fairpay-heute.de\/\" target=\"_blank\" rel=\"noopener noreferrer\">FairPay Berlin Declaration for Equality on the Pay Slip<\/a>\u00a0 (German)<\/p>\n<p><a href=\"http:\/\/filmloewin.de\/\" target=\"_blank\" rel=\"noopener noreferrer\">Filml\u00f6win Das feministische Filmmagazin<\/a> (German)<\/p>\n<p><a href=\"http:\/\/filmschreiben.de\/\" target=\"_blank\" rel=\"noopener noreferrer\">filmschreiben.de\u00a0Blog on Skritp Development and Film Politics<\/a> (German)<\/p>\n<p><a href=\"http:\/\/www.german-stunt-association.de\/start\/\" target=\"_blank\" rel=\"noopener noreferrer\">German Stunt Association<\/a> (German)<\/p>\n<p><a href=\"http:\/\/www.proquote-regie.de\/\" target=\"_blank\" rel=\"noopener noreferrer\">Pro Quote Regie<\/a> (German)<\/p>\n<p><a href=\"http:\/\/ich-mach-mir-die-welt.de\/\" target=\"_blank\" rel=\"noopener noreferrer\">Rosa-Hellblau-Falle &#8211; Everyday Gender Stereotypes<\/a> (German)<\/p>\n<p><a href=\"https:\/\/www.unwomen.de\/un-women-nationales-komitee-deutschland-ev.html\" target=\"_blank\" rel=\"noopener noreferrer\">UN Women National Committee Germany<\/a> (German)<\/p>\n<p><a href=\"http:\/\/wiftg.de\/\" target=\"_blank\" rel=\"noopener noreferrer\">WIFT Women in Film and Television Germany<\/a> (German)<\/p>\n<p><span style=\"color: #ffffff;\">.<\/span><\/p>\n<h3>Blogs \/ Media<\/h3>\n<p><a href=\"https:\/\/www.crew-united.com\/index.asp?show=cinearte\" target=\"_blank\" rel=\"noopener noreferrer\">(500) dias sin ella<\/a> (Spanish)<\/p>\n<p><a href=\"http:\/\/www.blackbox-filminfo.de\/\" target=\"_blank\" rel=\"noopener noreferrer\">black box Filmpolitischer Informationsdienst<\/a> (German)<\/p>\n<p><a href=\"https:\/\/www.crew-united.com\/index.asp?show=cinearte\" target=\"_blank\" rel=\"noopener noreferrer\">cinearte Nachrichten f\u00fcr Filmschaffende <\/a>(German)<\/p>\n<p><a href=\"http:\/\/www.out-takes.de\/\" target=\"_blank\" rel=\"noopener noreferrer\">out takes Blog on Film and TV Industry<\/a> (German)<\/p>\n<p><a href=\"https:\/\/schspin.wordpress.com\/\" target=\"_blank\" rel=\"noopener noreferrer\">SchspIN &#8211; An Actress&#8217;s Thoughts<\/a><\/p>\n<p><a href=\"https:\/\/wellywoodwoman.blogspot.de\/\" target=\"_blank\" rel=\"noopener noreferrer\">Wellywood Woman \u2013 The Development Project\u2019s Blog<\/a><\/p>\n<p>.<\/p>\n<h3>Tools and Initiatives<\/h3>\n<p><a href=\"http:\/\/dramaqueen.info\/about-en\" target=\"_blank\" rel=\"noopener noreferrer\">DramaQueen Software for Scripts and Novels<\/a><\/p>\n<p><a href=\"https:\/\/www.equity.org.uk\/campaigns\/equal-representation-of-women-petition\/\" target=\"_blank\" rel=\"noopener noreferrer\">Equity UK Equal Representation of Women Petition<\/a><\/p>\n<p><a href=\"http:\/\/www.filmuniversitaet.de\/de\/transfer\/gruendungsservice\/beratung-coaching\/foerderprogramme-fuer-kreative\/tma\/detail\/9524.html\" target=\"_blank\" rel=\"noopener noreferrer\">Into The Wild &#8211; Mentoring Programm for Young Female Filmmakers<\/a> (German)<\/p>\n<p><a href=\"http:\/\/www.ledeuxiemeregard.com\/\" target=\"_blank\" rel=\"noopener noreferrer\">Le Deuxi\u00e8me Regard \u2013 Bousculer les st\u00e9r\u00e9otypes de genre au cin\u00e9ma<\/a> (French)<\/p>\n<p><span style=\"color: #ffffff;\">.<\/span><\/p>\n<h3>Other Organisations<\/h3>\n<p><a href=\"http:\/\/www.allbright-stiftung.de\/\" target=\"_blank\" rel=\"noopener noreferrer\">AllBright Stiftung<\/a>\u00a0 (German)<\/p>\n<p><a href=\"http:\/\/www.ewawomen.com\/\" target=\"_blank\" rel=\"noopener noreferrer\">EWA European Women&#8217;s Audiovisual Network<\/a><\/p>\n<p><a href=\"http:\/\/www.ffa.de\/index.php?id=170\" target=\"_blank\" rel=\"noopener noreferrer\">FFA German Federal Film Board <\/a><\/p>\n<p><a href=\"https:\/\/frauenfilmfestival.eu\/index.php?id=24&amp;L=0&amp;id=24\" target=\"_blank\" rel=\"noopener noreferrer\">IFFF Dortmund|Cologne International Women\u2019s Film Festival<\/a><\/p>\n<p><a href=\"http:\/\/www.imf.uni-rostock.de\/\" target=\"_blank\" rel=\"noopener noreferrer\">Institute for Media Studies at University of Rostock<\/a> (German)<\/p>\n<p><a href=\"https:\/\/www.proquote-buehne.de\/\" target=\"_blank\" rel=\"noopener noreferrer\">Pro Quote B\u00fchne<\/a> (German)<\/p>\n<p><a href=\"https:\/\/www.proquote-film.de\/\">Pro Quote Film<\/a> (German)<\/p>\n<p><a href=\"http:\/\/www.pro-quote.de\/\" target=\"_blank\" rel=\"noopener noreferrer\">Pro Quote Medien<\/a>\u00a0 (German)<\/p>\n<p><a href=\"https:\/\/www.queermediasociety.org\/\" target=\"_blank\" rel=\"noopener noreferrer\">Queer Media Society<\/a>\u00a0(German)<\/p>\n<p><a href=\"http:\/\/www.swag.org.nz\" target=\"_blank\" rel=\"noopener\">SWAG Screeen Women&#8217;s Action Group<\/a> (New Zealand)<\/p>\n<p><a href=\"https:\/\/www.dramaturgenverband.org\/\" target=\"_blank\" rel=\"noopener\">Vedra &#8211; Verband f\u00fcr Film- und Fernsehdramaturgie<\/a> (German)<\/p>\n<p><a href=\"https:\/\/filmunion.verdi.de\/\" target=\"_blank\" rel=\"noopener noreferrer\">ver.di Film Union<\/a> (German)<\/p>\n<p><a href=\"https:\/\/wftv.org.uk\/\" target=\"_blank\" rel=\"noopener noreferrer\">WFTV UK Women in Film and Television UK<\/a><\/p>\n<\/div>\n","protected":false},"excerpt":{"rendered":"<p>Links Cooperations Theatre Casting Toolbox . NEROPA Testimonials: Organisations etc. BPW Business and Professional Women Germany e.V. casting-network (German) Crew United (German) Equity UK Women\u2019s Committee ERA Equal Representation for Actresses FairPay Berlin Declaration for Equality on the Pay Slip\u00a0 (German) Filml\u00f6win Das feministische Filmmagazin (German) filmschreiben.de\u00a0Blog on Skritp Development and Film Politics (German) German [&hellip;]<\/p>\n","protected":false},"author":1,"featured_media":0,"parent":0,"menu_order":0,"comment_status":"closed","ping_status":"closed","template":"","meta":{"iawp_total_views":13,"footnotes":""},"class_list":["post-78","page","type-page","status-publish","czr-hentry"],"translation":{"provider":"WPGlobus","version":"3.0.2","language":"en","enabled_languages":["de","en"],"languages":{"de":{"title":true,"content":true,"excerpt":false},"en":{"title":true,"content":true,"excerpt":false}}},"yoast_head":"<!-- This site is optimized with the Yoast SEO plugin v27.3 - https:\/\/yoast.com\/product\/yoast-seo-wordpress\/ -->\n<title>Links - NEROPA<\/title>\n<meta name=\"robots\" content=\"index, follow, max-snippet:-1, max-image-preview:large, max-video-preview:-1\" \/>\n<link rel=\"canonical\" href=\"https:\/\/neropa.stieve.com\/link\/\" \/>\n<meta property=\"og:locale\" content=\"en_GB\" \/>\n<meta property=\"og:type\" content=\"article\" \/>\n<meta property=\"og:title\" content=\"Links - NEROPA\" \/>\n<meta property=\"og:url\" content=\"https:\/\/neropa.stieve.com\/link\/\" \/>\n<meta property=\"og:site_name\" content=\"NEROPA\" \/>\n<meta property=\"article:modified_time\" content=\"2022-07-16T22:18:19+00:00\" \/>\n<meta name=\"twitter:card\" content=\"summary_large_image\" \/>\n<meta name=\"twitter:site\" content=\"@SchspIN\" \/>\n<meta name=\"twitter:label1\" content=\"Est. reading time\" \/>\n\t<meta name=\"twitter:data1\" content=\"3 minutes\" \/>\n<script type=\"application\/ld+json\" class=\"yoast-schema-graph\">{\"@context\":\"https:\\\/\\\/schema.org\",\"@graph\":[{\"@type\":\"WebPage\",\"@id\":\"https:\\\/\\\/neropa.stieve.com\\\/link\\\/\",\"url\":\"https:\\\/\\\/neropa.stieve.com\\\/link\\\/\",\"name\":\"Links - NEROPA\",\"isPartOf\":{\"@id\":\"https:\\\/\\\/neropa.stieve.com\\\/#website\"},\"datePublished\":\"2017-03-06T16:34:03+00:00\",\"dateModified\":\"2022-07-16T22:18:19+00:00\",\"breadcrumb\":{\"@id\":\"https:\\\/\\\/neropa.stieve.com\\\/link\\\/#breadcrumb\"},\"inLanguage\":\"en-GB\",\"potentialAction\":[{\"@type\":\"ReadAction\",\"target\":[\"https:\\\/\\\/neropa.stieve.com\\\/link\\\/\"]}]},{\"@type\":\"BreadcrumbList\",\"@id\":\"https:\\\/\\\/neropa.stieve.com\\\/link\\\/#breadcrumb\",\"itemListElement\":[{\"@type\":\"ListItem\",\"position\":1,\"name\":\"Startseite\",\"item\":\"https:\\\/\\\/neropa.stieve.com\\\/\"},{\"@type\":\"ListItem\",\"position\":2,\"name\":\"Links\"}]},{\"@type\":\"WebSite\",\"@id\":\"https:\\\/\\\/neropa.stieve.com\\\/#website\",\"url\":\"https:\\\/\\\/neropa.stieve.com\\\/\",\"name\":\"NEROPA\",\"description\":\"Gender &amp; Diversity Tool by Belinde Ruth Stieve.\",\"potentialAction\":[{\"@type\":\"SearchAction\",\"target\":{\"@type\":\"EntryPoint\",\"urlTemplate\":\"https:\\\/\\\/neropa.stieve.com\\\/?s={search_term_string}\"},\"query-input\":{\"@type\":\"PropertyValueSpecification\",\"valueRequired\":true,\"valueName\":\"search_term_string\"}}],\"inLanguage\":\"en-GB\"}]}<\/script>\n<!-- \/ Yoast SEO plugin. -->","yoast_head_json":{"title":"Links - NEROPA","robots":{"index":"index","follow":"follow","max-snippet":"max-snippet:-1","max-image-preview":"max-image-preview:large","max-video-preview":"max-video-preview:-1"},"canonical":"https:\/\/neropa.stieve.com\/link\/","og_locale":"en_GB","og_type":"article","og_title":"Links - NEROPA","og_url":"https:\/\/neropa.stieve.com\/link\/","og_site_name":"NEROPA","article_modified_time":"2022-07-16T22:18:19+00:00","twitter_card":"summary_large_image","twitter_site":"@SchspIN","twitter_misc":{"Est. reading time":"3 minutes"},"schema":{"@context":"https:\/\/schema.org","@graph":[{"@type":"WebPage","@id":"https:\/\/neropa.stieve.com\/link\/","url":"https:\/\/neropa.stieve.com\/link\/","name":"Links - NEROPA","isPartOf":{"@id":"https:\/\/neropa.stieve.com\/#website"},"datePublished":"2017-03-06T16:34:03+00:00","dateModified":"2022-07-16T22:18:19+00:00","breadcrumb":{"@id":"https:\/\/neropa.stieve.com\/link\/#breadcrumb"},"inLanguage":"en-GB","potentialAction":[{"@type":"ReadAction","target":["https:\/\/neropa.stieve.com\/link\/"]}]},{"@type":"BreadcrumbList","@id":"https:\/\/neropa.stieve.com\/link\/#breadcrumb","itemListElement":[{"@type":"ListItem","position":1,"name":"Startseite","item":"https:\/\/neropa.stieve.com\/"},{"@type":"ListItem","position":2,"name":"Links"}]},{"@type":"WebSite","@id":"https:\/\/neropa.stieve.com\/#website","url":"https:\/\/neropa.stieve.com\/","name":"NEROPA","description":"Gender &amp; Diversity Tool by Belinde Ruth Stieve.","potentialAction":[{"@type":"SearchAction","target":{"@type":"EntryPoint","urlTemplate":"https:\/\/neropa.stieve.com\/?s={search_term_string}"},"query-input":{"@type":"PropertyValueSpecification","valueRequired":true,"valueName":"search_term_string"}}],"inLanguage":"en-GB"}]}},"_links":{"self":[{"href":"https:\/\/neropa.stieve.com\/en\/wp-json\/wp\/v2\/pages\/78","targetHints":{"allow":["GET"]}}],"collection":[{"href":"https:\/\/neropa.stieve.com\/en\/wp-json\/wp\/v2\/pages"}],"about":[{"href":"https:\/\/neropa.stieve.com\/en\/wp-json\/wp\/v2\/types\/page"}],"author":[{"embeddable":true,"href":"https:\/\/neropa.stieve.com\/en\/wp-json\/wp\/v2\/users\/1"}],"replies":[{"embeddable":true,"href":"https:\/\/neropa.stieve.com\/en\/wp-json\/wp\/v2\/comments?post=78"}],"version-history":[{"count":111,"href":"https:\/\/neropa.stieve.com\/en\/wp-json\/wp\/v2\/pages\/78\/revisions"}],"predecessor-version":[{"id":3898,"href":"https:\/\/neropa.stieve.com\/en\/wp-json\/wp\/v2\/pages\/78\/revisions\/3898"}],"wp:attachment":[{"href":"https:\/\/neropa.stieve.com\/en\/wp-json\/wp\/v2\/media?parent=78"}],"curies":[{"name":"wp","href":"https:\/\/api.w.org\/{rel}","templated":true}]}}